{"id":954,"date":"2023-12-01T16:34:27","date_gmt":"2023-12-01T15:34:27","guid":{"rendered":"https:\/\/bicycool.pl\/?post_type=product&#038;p=954"},"modified":"2025-12-22T17:23:21","modified_gmt":"2025-12-22T16:23:21","slug":"sztyca-aero-316mm-350mm","status":"publish","type":"product","link":"https:\/\/bicycool.pl\/?product=sztyca-aero-316mm-350mm","title":{"rendered":"Sztyca Aero 31,6mm 350mm"},"content":{"rendered":"<h3>Sztyca Aero<\/h3>\n<ul>\n<li><strong>Materia\u0142<\/strong> &#8211; aluminium<\/li>\n<li><strong>Rozmiar<\/strong> &#8211; 31,6mm<\/li>\n<li><strong>D\u0142ugo\u015b\u0107<\/strong> &#8211; 35mm<\/li>\n<li><strong>Kolor<\/strong> &#8211; czarny<\/li>\n<li><strong>Produkt powystawowy, posiada ryski\u00a0<\/strong><\/li>\n<\/ul>\n","protected":false},"excerpt":{"rendered":"<p>Sztyca Aero Materia\u0142 &#8211; aluminium Rozmiar &#8211; 31,6mm D\u0142ugo\u015b\u0107 &#8211; 35mm Kolor &#8211; czarny Produkt powystawowy, posiada ryski\u00a0<\/p>\n","protected":false},"featured_media":955,"comment_status":"open","ping_status":"closed","template":"","meta":[],"product_brand":[],"product_cat":[27,85,123,163],"product_tag":[],"class_list":{"0":"post-954","1":"product","2":"type-product","3":"status-publish","4":"has-post-thumbnail","6":"product_cat-czesci-nowe","7":"product_cat-outlet","8":"product_cat-sztyce-podsiodlowe","9":"product_cat-triathlon","10":"product_shipping_class-mala-paczka","12":"first","13":"instock","14":"shipping-taxable","15":"purchasable","16":"product-type-simple"},"_links":{"self":[{"href":"https:\/\/bicycool.pl\/index.php?rest_route=\/wp\/v2\/product\/954","targetHints":{"allow":["GET"]}}],"collection":[{"href":"https:\/\/bicycool.pl\/index.php?rest_route=\/wp\/v2\/product"}],"about":[{"href":"https:\/\/bicycool.pl\/index.php?rest_route=\/wp\/v2\/types\/product"}],"replies":[{"embeddable":true,"href":"https:\/\/bicycool.pl\/index.php?rest_route=%2Fwp%2Fv2%2Fcomments&post=954"}],"wp:featuredmedia":[{"embeddable":true,"href":"https:\/\/bicycool.pl\/index.php?rest_route=\/wp\/v2\/media\/955"}],"wp:attachment":[{"href":"https:\/\/bicycool.pl\/index.php?rest_route=%2Fwp%2Fv2%2Fmedia&parent=954"}],"wp:term":[{"taxonomy":"product_brand","embeddable":true,"href":"https:\/\/bicycool.pl\/index.php?rest_route=%2Fwp%2Fv2%2Fproduct_brand&post=954"},{"taxonomy":"product_cat","embeddable":true,"href":"https:\/\/bicycool.pl\/index.php?rest_route=%2Fwp%2Fv2%2Fproduct_cat&post=954"},{"taxonomy":"product_tag","embeddable":true,"href":"https:\/\/bicycool.pl\/index.php?rest_route=%2Fwp%2Fv2%2Fproduct_tag&post=954"}],"curies":[{"name":"wp","href":"https:\/\/api.w.org\/{rel}","templated":true}]}}