{"id":957,"date":"2023-12-01T16:40:34","date_gmt":"2023-12-01T15:40:34","guid":{"rendered":"https:\/\/bicycool.pl\/?post_type=product&#038;p=957"},"modified":"2025-12-22T17:23:15","modified_gmt":"2025-12-22T16:23:15","slug":"sztyca-ritchey-comp-349mm-350mm","status":"publish","type":"product","link":"https:\/\/bicycool.pl\/?product=sztyca-ritchey-comp-349mm-350mm","title":{"rendered":"Sztyca RITCHEY Comp 34,9mm 350mm"},"content":{"rendered":"<h3>Sztyca RITCHEY Comp<\/h3>\n<p>&nbsp;<\/p>\n<ul>\n<li><strong>Materia\u0142<\/strong> &#8211; Aluminium<\/li>\n<li><strong>Rozmiar<\/strong> &#8211; 34,9mm<\/li>\n<li><strong>D\u0142ugo\u015b\u0107<\/strong> &#8211; 350mm<\/li>\n<li><strong>Kolor<\/strong> &#8211; Czarny<\/li>\n<\/ul>\n","protected":false},"excerpt":{"rendered":"<p>Sztyca RITCHEY Comp &nbsp; Materia\u0142 &#8211; Aluminium Rozmiar &#8211; 34,9mm D\u0142ugo\u015b\u0107 &#8211; 350mm Kolor &#8211; Czarny<\/p>\n","protected":false},"featured_media":958,"comment_status":"open","ping_status":"closed","template":"","meta":[],"product_brand":[],"product_cat":[27,85,123],"product_tag":[],"class_list":{"0":"post-957","1":"product","2":"type-product","3":"status-publish","4":"has-post-thumbnail","6":"product_cat-czesci-nowe","7":"product_cat-outlet","8":"product_cat-sztyce-podsiodlowe","9":"product_shipping_class-mala-paczka","11":"first","12":"instock","13":"shipping-taxable","14":"purchasable","15":"product-type-simple"},"_links":{"self":[{"href":"https:\/\/bicycool.pl\/index.php?rest_route=\/wp\/v2\/product\/957","targetHints":{"allow":["GET"]}}],"collection":[{"href":"https:\/\/bicycool.pl\/index.php?rest_route=\/wp\/v2\/product"}],"about":[{"href":"https:\/\/bicycool.pl\/index.php?rest_route=\/wp\/v2\/types\/product"}],"replies":[{"embeddable":true,"href":"https:\/\/bicycool.pl\/index.php?rest_route=%2Fwp%2Fv2%2Fcomments&post=957"}],"wp:featuredmedia":[{"embeddable":true,"href":"https:\/\/bicycool.pl\/index.php?rest_route=\/wp\/v2\/media\/958"}],"wp:attachment":[{"href":"https:\/\/bicycool.pl\/index.php?rest_route=%2Fwp%2Fv2%2Fmedia&parent=957"}],"wp:term":[{"taxonomy":"product_brand","embeddable":true,"href":"https:\/\/bicycool.pl\/index.php?rest_route=%2Fwp%2Fv2%2Fproduct_brand&post=957"},{"taxonomy":"product_cat","embeddable":true,"href":"https:\/\/bicycool.pl\/index.php?rest_route=%2Fwp%2Fv2%2Fproduct_cat&post=957"},{"taxonomy":"product_tag","embeddable":true,"href":"https:\/\/bicycool.pl\/index.php?rest_route=%2Fwp%2Fv2%2Fproduct_tag&post=957"}],"curies":[{"name":"wp","href":"https:\/\/api.w.org\/{rel}","templated":true}]}}