{"id":970,"date":"2023-12-01T17:01:21","date_gmt":"2023-12-01T16:01:21","guid":{"rendered":"https:\/\/bicycool.pl\/?post_type=product&#038;p=970"},"modified":"2025-12-22T17:22:41","modified_gmt":"2025-12-22T16:22:41","slug":"sztyca-selcof-268mm-230mm-retro-nos-grafit","status":"publish","type":"product","link":"https:\/\/bicycool.pl\/?product=sztyca-selcof-268mm-230mm-retro-nos-grafit","title":{"rendered":"Sztyca SELCOF 26,8mm 230mm Retro NOS grafit"},"content":{"rendered":"<h3>Sztyca SELCOF<\/h3>\n<p>&nbsp;<\/p>\n<ul>\n<li><strong>Materia\u0142<\/strong> &#8211; Aluminium<\/li>\n<li><strong>Rozmiar<\/strong> &#8211; 36,8mm<\/li>\n<li><strong>D\u0142ugo\u015b\u0107<\/strong> &#8211; 230mm<\/li>\n<li><strong>Kolor<\/strong> &#8211; Ciemny grafit<\/li>\n<\/ul>\n<p><strong>Nieu\u017cywana sztyca z lat 90. Posiada delikatne ryski<\/strong><\/p>\n","protected":false},"excerpt":{"rendered":"<p>Sztyca SELCOF &nbsp; Materia\u0142 &#8211; Aluminium Rozmiar &#8211; 36,8mm D\u0142ugo\u015b\u0107 &#8211; 230mm Kolor &#8211; Ciemny grafit Nieu\u017cywana sztyca z lat 90. Posiada delikatne ryski<\/p>\n","protected":false},"featured_media":972,"comment_status":"open","ping_status":"closed","template":"","meta":[],"product_brand":[],"product_cat":[27,85,123],"product_tag":[],"class_list":{"0":"post-970","1":"product","2":"type-product","3":"status-publish","4":"has-post-thumbnail","6":"product_cat-czesci-nowe","7":"product_cat-outlet","8":"product_cat-sztyce-podsiodlowe","9":"product_shipping_class-mala-paczka","11":"first","12":"instock","13":"shipping-taxable","14":"purchasable","15":"product-type-simple"},"_links":{"self":[{"href":"https:\/\/bicycool.pl\/index.php?rest_route=\/wp\/v2\/product\/970","targetHints":{"allow":["GET"]}}],"collection":[{"href":"https:\/\/bicycool.pl\/index.php?rest_route=\/wp\/v2\/product"}],"about":[{"href":"https:\/\/bicycool.pl\/index.php?rest_route=\/wp\/v2\/types\/product"}],"replies":[{"embeddable":true,"href":"https:\/\/bicycool.pl\/index.php?rest_route=%2Fwp%2Fv2%2Fcomments&post=970"}],"wp:featuredmedia":[{"embeddable":true,"href":"https:\/\/bicycool.pl\/index.php?rest_route=\/wp\/v2\/media\/972"}],"wp:attachment":[{"href":"https:\/\/bicycool.pl\/index.php?rest_route=%2Fwp%2Fv2%2Fmedia&parent=970"}],"wp:term":[{"taxonomy":"product_brand","embeddable":true,"href":"https:\/\/bicycool.pl\/index.php?rest_route=%2Fwp%2Fv2%2Fproduct_brand&post=970"},{"taxonomy":"product_cat","embeddable":true,"href":"https:\/\/bicycool.pl\/index.php?rest_route=%2Fwp%2Fv2%2Fproduct_cat&post=970"},{"taxonomy":"product_tag","embeddable":true,"href":"https:\/\/bicycool.pl\/index.php?rest_route=%2Fwp%2Fv2%2Fproduct_tag&post=970"}],"curies":[{"name":"wp","href":"https:\/\/api.w.org\/{rel}","templated":true}]}}