{"id":973,"date":"2023-12-01T17:04:13","date_gmt":"2023-12-01T16:04:13","guid":{"rendered":"https:\/\/bicycool.pl\/?post_type=product&#038;p=973"},"modified":"2025-12-02T10:56:53","modified_gmt":"2025-12-02T09:56:53","slug":"komplet-lampek-lampa-sigma-mono-fl-rl-pt","status":"publish","type":"product","link":"https:\/\/bicycool.pl\/?product=komplet-lampek-lampa-sigma-mono-fl-rl-pt","title":{"rendered":"Fuxon LED F-170-EB \/ S-70-EB \u2013 lampa przednia do e-bike, 70 Lux (6\u201312 V)"},"content":{"rendered":"<p><strong data-start=\"33\" data-end=\"109\">Lampa Fuxon LED F-170-EB \/ S-70-EB \u2013 lampa przednia do e-bike, 70 Lux (6\u201312 V)<\/strong><\/p>\n<p><br data-start=\"109\" data-end=\"112\" \/>Kompaktowa i mocna lampka do rower\u00f3w elektrycznych, generuj\u0105ca jasne <strong data-start=\"181\" data-end=\"191\">70 lux<\/strong> \u015bwiat\u0142a. Zasilana z systemu e-bike (6\u201312 V), zapewnia doskona\u0142\u0105 widoczno\u015b\u0107 w mie\u015bcie i poza nim. Solidna, czarna obudowa gwarantuje trwa\u0142o\u015b\u0107 i niezawodno\u015b\u0107 w codziennym u\u017cytkowaniu.<\/p>\n","protected":false},"excerpt":{"rendered":"<p>Lampa Fuxon LED F-170-EB \/ S-70-EB \u2013 lampa przednia do e-bike, 70 Lux (6\u201312 V) Kompaktowa i mocna lampka do rower\u00f3w elektrycznych, generuj\u0105ca jasne 70 lux \u015bwiat\u0142a. Zasilana z systemu e-bike (6\u201312 V), zapewnia doskona\u0142\u0105 widoczno\u015b\u0107 w mie\u015bcie i poza nim. Solidna, czarna obudowa gwarantuje trwa\u0142o\u015b\u0107 i niezawodno\u015b\u0107 w codziennym u\u017cytkowaniu.<\/p>\n","protected":false},"featured_media":7529,"comment_status":"open","ping_status":"closed","template":"","meta":[],"product_brand":[],"product_cat":[29,125],"product_tag":[132,126],"class_list":{"0":"post-973","1":"product","2":"type-product","3":"status-publish","4":"has-post-thumbnail","6":"product_cat-akcesoria","7":"product_cat-oswietlenie","8":"product_tag-lampka","9":"product_tag-oswietlenie","10":"product_shipping_class-mala-paczka","12":"first","13":"instock","14":"shipping-taxable","15":"purchasable","16":"product-type-simple"},"_links":{"self":[{"href":"https:\/\/bicycool.pl\/index.php?rest_route=\/wp\/v2\/product\/973","targetHints":{"allow":["GET"]}}],"collection":[{"href":"https:\/\/bicycool.pl\/index.php?rest_route=\/wp\/v2\/product"}],"about":[{"href":"https:\/\/bicycool.pl\/index.php?rest_route=\/wp\/v2\/types\/product"}],"replies":[{"embeddable":true,"href":"https:\/\/bicycool.pl\/index.php?rest_route=%2Fwp%2Fv2%2Fcomments&post=973"}],"wp:featuredmedia":[{"embeddable":true,"href":"https:\/\/bicycool.pl\/index.php?rest_route=\/wp\/v2\/media\/7529"}],"wp:attachment":[{"href":"https:\/\/bicycool.pl\/index.php?rest_route=%2Fwp%2Fv2%2Fmedia&parent=973"}],"wp:term":[{"taxonomy":"product_brand","embeddable":true,"href":"https:\/\/bicycool.pl\/index.php?rest_route=%2Fwp%2Fv2%2Fproduct_brand&post=973"},{"taxonomy":"product_cat","embeddable":true,"href":"https:\/\/bicycool.pl\/index.php?rest_route=%2Fwp%2Fv2%2Fproduct_cat&post=973"},{"taxonomy":"product_tag","embeddable":true,"href":"https:\/\/bicycool.pl\/index.php?rest_route=%2Fwp%2Fv2%2Fproduct_tag&post=973"}],"curies":[{"name":"wp","href":"https:\/\/api.w.org\/{rel}","templated":true}]}}