{"id":980,"date":"2023-12-04T12:07:34","date_gmt":"2023-12-04T11:07:34","guid":{"rendered":"https:\/\/bicycool.pl\/?post_type=product&#038;p=980"},"modified":"2023-12-04T12:28:15","modified_gmt":"2023-12-04T11:28:15","slug":"przerzutka-przednia-shimano-slx-fd-m671","status":"publish","type":"product","link":"https:\/\/bicycool.pl\/?product=przerzutka-przednia-shimano-slx-fd-m671","title":{"rendered":"Przerzutka przednia SHIMANO SLX FD-M671"},"content":{"rendered":"<h3>Przerzutka przednia Shimano SLX FD-M671<\/h3>\n<p>&nbsp;<\/p>\n<ul>\n<li><strong>Mocowanie<\/strong> Obejma &#8211; 34,9cm<\/li>\n<li><strong>Ilo\u015b\u0107 z\u0119b\u00f3w g\u00f3rnej tarczy<\/strong> &#8211; 42<\/li>\n<li><strong>Liczba bieg\u00f3w &#8211; <\/strong>3&#215;10<\/li>\n<li><strong>U\u017cywana<\/strong><\/li>\n<\/ul>\n","protected":false},"excerpt":{"rendered":"<p>Przerzutka przednia Shimano SLX FD-M671 &nbsp; Mocowanie Obejma &#8211; 34,9cm Ilo\u015b\u0107 z\u0119b\u00f3w g\u00f3rnej tarczy &#8211; 42 Liczba bieg\u00f3w &#8211; 3&#215;10 U\u017cywana<\/p>\n","protected":false},"featured_media":982,"comment_status":"open","ping_status":"closed","template":"","meta":[],"product_brand":[],"product_cat":[28],"product_tag":[],"class_list":{"0":"post-980","1":"product","2":"type-product","3":"status-publish","4":"has-post-thumbnail","6":"product_cat-czesci-i-akcesoria-uzywane","7":"product_shipping_class-mala-paczka","9":"first","10":"instock","11":"shipping-taxable","12":"purchasable","13":"product-type-simple"},"_links":{"self":[{"href":"https:\/\/bicycool.pl\/index.php?rest_route=\/wp\/v2\/product\/980","targetHints":{"allow":["GET"]}}],"collection":[{"href":"https:\/\/bicycool.pl\/index.php?rest_route=\/wp\/v2\/product"}],"about":[{"href":"https:\/\/bicycool.pl\/index.php?rest_route=\/wp\/v2\/types\/product"}],"replies":[{"embeddable":true,"href":"https:\/\/bicycool.pl\/index.php?rest_route=%2Fwp%2Fv2%2Fcomments&post=980"}],"wp:featuredmedia":[{"embeddable":true,"href":"https:\/\/bicycool.pl\/index.php?rest_route=\/wp\/v2\/media\/982"}],"wp:attachment":[{"href":"https:\/\/bicycool.pl\/index.php?rest_route=%2Fwp%2Fv2%2Fmedia&parent=980"}],"wp:term":[{"taxonomy":"product_brand","embeddable":true,"href":"https:\/\/bicycool.pl\/index.php?rest_route=%2Fwp%2Fv2%2Fproduct_brand&post=980"},{"taxonomy":"product_cat","embeddable":true,"href":"https:\/\/bicycool.pl\/index.php?rest_route=%2Fwp%2Fv2%2Fproduct_cat&post=980"},{"taxonomy":"product_tag","embeddable":true,"href":"https:\/\/bicycool.pl\/index.php?rest_route=%2Fwp%2Fv2%2Fproduct_tag&post=980"}],"curies":[{"name":"wp","href":"https:\/\/api.w.org\/{rel}","templated":true}]}}